{"id":54,"date":"2023-09-08T16:11:42","date_gmt":"2023-09-08T14:11:42","guid":{"rendered":"https:\/\/scripturallianceconcept.fr\/?page_id=54"},"modified":"2026-04-14T17:54:16","modified_gmt":"2026-04-14T15:54:16","slug":"qui-suis-je","status":"publish","type":"page","link":"https:\/\/scripturallianceconcept.fr\/index.php\/qui-suis-je\/","title":{"rendered":"\u00c0 propos"},"content":{"rendered":"\t\t<div data-elementor-type=\"wp-page\" data-elementor-id=\"54\" class=\"elementor elementor-54\">\n\t\t\t\t\t\t<section class=\"elementor-section elementor-top-section elementor-element elementor-element-c28fa78 elementor-section-boxed elementor-section-height-default elementor-section-height-default\" data-id=\"c28fa78\" data-element_type=\"section\" data-e-type=\"section\">\n\t\t\t\t\t\t<div class=\"elementor-container elementor-column-gap-default\">\n\t\t\t\t\t<div class=\"elementor-column elementor-col-100 elementor-top-column elementor-element elementor-element-a12692f\" data-id=\"a12692f\" data-element_type=\"column\" data-e-type=\"column\">\n\t\t\t<div class=\"elementor-widget-wrap elementor-element-populated\">\n\t\t\t\t\t\t<div class=\"elementor-element elementor-element-0ae9bf0 elementor-widget elementor-widget-heading\" data-id=\"0ae9bf0\" data-element_type=\"widget\" data-e-type=\"widget\" data-widget_type=\"heading.default\">\n\t\t\t\t<div class=\"elementor-widget-container\">\n\t\t\t\t\t<h1 class=\"elementor-heading-title elementor-size-default\">R\u00e9daction, relecture et transcription depuis 2018 : l'excellence r\u00e9dactionnelle au service de vos projets<\/h1>\t\t\t\t<\/div>\n\t\t\t\t<\/div>\n\t\t\t\t\t<\/div>\n\t\t<\/div>\n\t\t\t\t\t<\/div>\n\t\t<\/section>\n\t\t\t\t<section class=\"elementor-section elementor-top-section elementor-element elementor-element-67326b6 elementor-section-boxed elementor-section-height-default elementor-section-height-default\" data-id=\"67326b6\" data-element_type=\"section\" data-e-type=\"section\">\n\t\t\t\t\t\t<div class=\"elementor-container elementor-column-gap-default\">\n\t\t\t\t\t<div class=\"elementor-column elementor-col-100 elementor-top-column elementor-element elementor-element-34911e5\" data-id=\"34911e5\" data-element_type=\"column\" data-e-type=\"column\">\n\t\t\t<div class=\"elementor-widget-wrap elementor-element-populated\">\n\t\t\t\t\t\t<div class=\"elementor-element elementor-element-2f22e8b elementor-widget elementor-widget-image\" data-id=\"2f22e8b\" data-element_type=\"widget\" data-e-type=\"widget\" data-widget_type=\"image.default\">\n\t\t\t\t<div class=\"elementor-widget-container\">\n\t\t\t\t\t\t\t\t\t\t\t\t\t\t\t<img decoding=\"async\" src=\"https:\/\/scripturallianceconcept.fr\/wp-content\/uploads\/elementor\/thumbs\/photo_NFilliat-Reseaux-scaled-rjkyvmhvoybt6vwl5etmprsgcle1jip9dnu6blwxpc.jpg\" title=\"photo_NFilliat &#8211; R\u00e9seaux\" alt=\"photo_NFilliat - R\u00e9seaux\" loading=\"lazy\" \/>\t\t\t\t\t\t\t\t\t\t\t\t\t\t\t<\/div>\n\t\t\t\t<\/div>\n\t\t\t\t\t<\/div>\n\t\t<\/div>\n\t\t\t\t\t<\/div>\n\t\t<\/section>\n\t\t\t\t<section class=\"elementor-section elementor-top-section elementor-element elementor-element-9c92bd2 elementor-section-boxed elementor-section-height-default elementor-section-height-default\" data-id=\"9c92bd2\" data-element_type=\"section\" data-e-type=\"section\">\n\t\t\t\t\t\t<div class=\"elementor-container elementor-column-gap-default\">\n\t\t\t\t\t<div class=\"elementor-column elementor-col-100 elementor-top-column elementor-element elementor-element-28bf690\" data-id=\"28bf690\" data-element_type=\"column\" data-e-type=\"column\" data-settings=\"{&quot;background_background&quot;:&quot;classic&quot;}\">\n\t\t\t<div class=\"elementor-widget-wrap elementor-element-populated\">\n\t\t\t\t\t\t<div class=\"elementor-element elementor-element-68651ae elementor-widget elementor-widget-text-editor\" data-id=\"68651ae\" data-element_type=\"widget\" data-e-type=\"widget\" data-widget_type=\"text-editor.default\">\n\t\t\t\t<div class=\"elementor-widget-container\">\n\t\t\t\t\t\t\t\t\t<p>Je suis r\u00e9dactrice ind\u00e9pendante, d\u00e9di\u00e9e \u00e0 la valorisation de vos id\u00e9es et \u00e0 la pr\u00e9cision de vos \u00e9crits. Depuis la cr\u00e9ation de mon activit\u00e9 en 2018, j&rsquo;accompagne une client\u00e8le diversifi\u00e9e (particuliers, associations, entreprises et chercheurs), avec une exigence constante de qualit\u00e9, de confidentialit\u00e9 et de rigueur.<\/p>\t\t\t\t\t\t\t\t<\/div>\n\t\t\t\t<\/div>\n\t\t\t\t\t<\/div>\n\t\t<\/div>\n\t\t\t\t\t<\/div>\n\t\t<\/section>\n\t\t\t\t<section class=\"elementor-section elementor-top-section elementor-element elementor-element-1d48e9b elementor-section-boxed elementor-section-height-default elementor-section-height-default\" data-id=\"1d48e9b\" data-element_type=\"section\" data-e-type=\"section\">\n\t\t\t\t\t\t<div class=\"elementor-container elementor-column-gap-default\">\n\t\t\t\t\t<div class=\"elementor-column elementor-col-100 elementor-top-column elementor-element elementor-element-35e9aad\" data-id=\"35e9aad\" data-element_type=\"column\" data-e-type=\"column\">\n\t\t\t<div class=\"elementor-widget-wrap elementor-element-populated\">\n\t\t\t\t\t\t<div class=\"elementor-element elementor-element-4f391b1 elementor-widget elementor-widget-heading\" data-id=\"4f391b1\" data-element_type=\"widget\" data-e-type=\"widget\" data-widget_type=\"heading.default\">\n\t\t\t\t<div class=\"elementor-widget-container\">\n\t\t\t\t\t<h2 class=\"elementor-heading-title elementor-size-default\">Mon parcours : de la passion des livres \u00e0 la rigueur de l'\u00e9crit<\/h2>\t\t\t\t<\/div>\n\t\t\t\t<\/div>\n\t\t\t\t\t<\/div>\n\t\t<\/div>\n\t\t\t\t\t<\/div>\n\t\t<\/section>\n\t\t\t\t<section class=\"elementor-section elementor-top-section elementor-element elementor-element-af99bc4 elementor-section-boxed elementor-section-height-default elementor-section-height-default\" data-id=\"af99bc4\" data-element_type=\"section\" data-e-type=\"section\">\n\t\t\t\t\t\t<div class=\"elementor-container elementor-column-gap-default\">\n\t\t\t\t\t<div class=\"elementor-column elementor-col-100 elementor-top-column elementor-element elementor-element-0082d2a\" data-id=\"0082d2a\" data-element_type=\"column\" data-e-type=\"column\" data-settings=\"{&quot;background_background&quot;:&quot;classic&quot;}\">\n\t\t\t<div class=\"elementor-widget-wrap elementor-element-populated\">\n\t\t\t\t\t\t<div class=\"elementor-element elementor-element-879164e elementor-widget elementor-widget-text-editor\" data-id=\"879164e\" data-element_type=\"widget\" data-e-type=\"widget\" data-widget_type=\"text-editor.default\">\n\t\t\t\t<div class=\"elementor-widget-container\">\n\t\t\t\t\t\t\t\t\t<p>Apr\u00e8s mes \u00e9tudes sup\u00e9rieures, c&rsquo;est tout naturellement que ma passion pour les livres m&rsquo;a guid\u00e9e vers le m\u00e9tier de libraire. Durant sept ann\u00e9es, j&rsquo;ai \u00e9volu\u00e9 au sein d&rsquo;une librairie universitaire, conseillant les lecteurs et am\u00e9liorant ma connaissance du monde de l&rsquo;\u00e9crit. Cette immersion longue et passionn\u00e9e m&rsquo;a transmis une grande sensibilit\u00e9 \u00e9ditoriale.<\/p>\t\t\t\t\t\t\t\t<\/div>\n\t\t\t\t<\/div>\n\t\t\t\t\t<\/div>\n\t\t<\/div>\n\t\t\t\t\t<\/div>\n\t\t<\/section>\n\t\t\t\t<section class=\"elementor-section elementor-top-section elementor-element elementor-element-546b3d5 elementor-section-boxed elementor-section-height-default elementor-section-height-default\" data-id=\"546b3d5\" data-element_type=\"section\" data-e-type=\"section\">\n\t\t\t\t\t\t<div class=\"elementor-container elementor-column-gap-default\">\n\t\t\t\t\t<div class=\"elementor-column elementor-col-100 elementor-top-column elementor-element elementor-element-d89537d\" data-id=\"d89537d\" data-element_type=\"column\" data-e-type=\"column\" data-settings=\"{&quot;background_background&quot;:&quot;classic&quot;}\">\n\t\t\t<div class=\"elementor-widget-wrap elementor-element-populated\">\n\t\t\t\t\t\t<div class=\"elementor-element elementor-element-e5bb868 elementor-widget elementor-widget-text-editor\" data-id=\"e5bb868\" data-element_type=\"widget\" data-e-type=\"widget\" data-widget_type=\"text-editor.default\">\n\t\t\t\t<div class=\"elementor-widget-container\">\n\t\t\t\t\t\t\t\t\t<p>Puis, la vie nous menant parfois vers des chemins insoup\u00e7onn\u00e9s, j&rsquo;ai occup\u00e9 diff\u00e9rents postes dans une administration publique. Ce changement de cap m&rsquo;a permis de d\u00e9couvrir une toute autre facette de l&rsquo;\u00e9crit : la r\u00e9daction administrative, la gestion de dossiers complexes et la n\u00e9cessit\u00e9 d&rsquo;une structuration irr\u00e9prochable. J&rsquo;y ai acquis une m\u00e9thode de travail rigoureuse et un sens de l&rsquo;organisation qui me sont aujourd&rsquo;hui indispensables.<\/p>\t\t\t\t\t\t\t\t<\/div>\n\t\t\t\t<\/div>\n\t\t\t\t\t<\/div>\n\t\t<\/div>\n\t\t\t\t\t<\/div>\n\t\t<\/section>\n\t\t\t\t<section class=\"elementor-section elementor-top-section elementor-element elementor-element-8914d1f elementor-section-boxed elementor-section-height-default elementor-section-height-default\" data-id=\"8914d1f\" data-element_type=\"section\" data-e-type=\"section\">\n\t\t\t\t\t\t<div class=\"elementor-container elementor-column-gap-default\">\n\t\t\t\t\t<div class=\"elementor-column elementor-col-100 elementor-top-column elementor-element elementor-element-214b6bc\" data-id=\"214b6bc\" data-element_type=\"column\" data-e-type=\"column\" data-settings=\"{&quot;background_background&quot;:&quot;classic&quot;}\">\n\t\t\t<div class=\"elementor-widget-wrap elementor-element-populated\">\n\t\t\t\t\t\t<div class=\"elementor-element elementor-element-25ded48 elementor-widget elementor-widget-text-editor\" data-id=\"25ded48\" data-element_type=\"widget\" data-e-type=\"widget\" data-widget_type=\"text-editor.default\">\n\t\t\t\t<div class=\"elementor-widget-container\">\n\t\t\t\t\t\t\t\t\t<p>Forte de ce double bagage, j&rsquo;ai enfin d\u00e9cid\u00e9 de prendre un nouveau virage professionnel. J&rsquo;ai suivi une formation d&rsquo;\u00e9crivain public pour atteindre l&rsquo;excellence en mati\u00e8re de r\u00e9daction. C&rsquo;est ainsi qu&rsquo;est n\u00e9e mon entreprise en 2018. Depuis, je mobilise mes comp\u00e9tences au service de vos projets de r\u00e9daction et de transcription. Que vous soyez un chercheur exigeant, une entreprise en qu\u00eate de clart\u00e9 ou un particulier ayant besoin d&rsquo;accompagnement, je mets mon expertise \u00e0 votre service dans un esprit de confiance r\u00e9ciproque.<\/p>\t\t\t\t\t\t\t\t<\/div>\n\t\t\t\t<\/div>\n\t\t\t\t\t<\/div>\n\t\t<\/div>\n\t\t\t\t\t<\/div>\n\t\t<\/section>\n\t\t\t\t<section class=\"elementor-section elementor-top-section elementor-element elementor-element-5addcba elementor-section-boxed elementor-section-height-default elementor-section-height-default\" data-id=\"5addcba\" data-element_type=\"section\" data-e-type=\"section\">\n\t\t\t\t\t\t<div class=\"elementor-container elementor-column-gap-default\">\n\t\t\t\t\t<div class=\"elementor-column elementor-col-100 elementor-top-column elementor-element elementor-element-2a5d4a8\" data-id=\"2a5d4a8\" data-element_type=\"column\" data-e-type=\"column\">\n\t\t\t<div class=\"elementor-widget-wrap elementor-element-populated\">\n\t\t\t\t\t\t<div class=\"elementor-element elementor-element-a1954de elementor-align-justify elementor-widget elementor-widget-button\" data-id=\"a1954de\" data-element_type=\"widget\" data-e-type=\"widget\" data-widget_type=\"button.default\">\n\t\t\t\t<div class=\"elementor-widget-container\">\n\t\t\t\t\t\t\t\t\t<div class=\"elementor-button-wrapper\">\n\t\t\t\t\t<a class=\"elementor-button elementor-button-link elementor-size-sm elementor-animation-grow\" href=\"https:\/\/scripturallianceconcept.fr\/index.php\/contact\/\">\n\t\t\t\t\t\t<span class=\"elementor-button-content-wrapper\">\n\t\t\t\t\t\t<span class=\"elementor-button-icon\">\n\t\t\t\t<i aria-hidden=\"true\" class=\"far fa-address-card\"><\/i>\t\t\t<\/span>\n\t\t\t\t\t\t\t\t\t<span class=\"elementor-button-text\">Me contacter<\/span>\n\t\t\t\t\t<\/span>\n\t\t\t\t\t<\/a>\n\t\t\t\t<\/div>\n\t\t\t\t\t\t\t\t<\/div>\n\t\t\t\t<\/div>\n\t\t\t\t\t<\/div>\n\t\t<\/div>\n\t\t\t\t\t<\/div>\n\t\t<\/section>\n\t\t\t\t<\/div>\n\t\t","protected":false},"excerpt":{"rendered":"<p>R\u00e9daction, relecture et transcription depuis 2018 : l&rsquo;excellence r\u00e9dactionnelle au service de vos projets Je suis r\u00e9dactrice ind\u00e9pendante, d\u00e9di\u00e9e \u00e0 la valorisation de vos id\u00e9es et \u00e0 la pr\u00e9cision de vos \u00e9crits. Depuis la cr\u00e9ation de mon activit\u00e9 en 2018, j&rsquo;accompagne une client\u00e8le diversifi\u00e9e (particuliers, associations, entreprises et chercheurs), avec une exigence constante de qualit\u00e9, [&hellip;]<\/p>\n","protected":false},"author":1,"featured_media":0,"parent":0,"menu_order":0,"comment_status":"closed","ping_status":"closed","template":"elementor_header_footer","meta":{"ocean_post_layout":"","ocean_both_sidebars_style":"","ocean_both_sidebars_content_width":0,"ocean_both_sidebars_sidebars_width":0,"ocean_sidebar":"","ocean_second_sidebar":"","ocean_disable_margins":"enable","ocean_add_body_class":"","ocean_shortcode_before_top_bar":"","ocean_shortcode_after_top_bar":"","ocean_shortcode_before_header":"","ocean_shortcode_after_header":"","ocean_has_shortcode":"","ocean_shortcode_after_title":"","ocean_shortcode_before_footer_widgets":"","ocean_shortcode_after_footer_widgets":"","ocean_shortcode_before_footer_bottom":"","ocean_shortcode_after_footer_bottom":"","ocean_display_top_bar":"default","ocean_display_header":"default","ocean_header_style":"","ocean_center_header_left_menu":"","ocean_custom_header_template":"","ocean_custom_logo":0,"ocean_custom_retina_logo":0,"ocean_custom_logo_max_width":0,"ocean_custom_logo_tablet_max_width":0,"ocean_custom_logo_mobile_max_width":0,"ocean_custom_logo_max_height":0,"ocean_custom_logo_tablet_max_height":0,"ocean_custom_logo_mobile_max_height":0,"ocean_header_custom_menu":"","ocean_menu_typo_font_family":"","ocean_menu_typo_font_subset":"","ocean_menu_typo_font_size":0,"ocean_menu_typo_font_size_tablet":0,"ocean_menu_typo_font_size_mobile":0,"ocean_menu_typo_font_size_unit":"px","ocean_menu_typo_font_weight":"","ocean_menu_typo_font_weight_tablet":"","ocean_menu_typo_font_weight_mobile":"","ocean_menu_typo_transform":"","ocean_menu_typo_transform_tablet":"","ocean_menu_typo_transform_mobile":"","ocean_menu_typo_line_height":0,"ocean_menu_typo_line_height_tablet":0,"ocean_menu_typo_line_height_mobile":0,"ocean_menu_typo_line_height_unit":"","ocean_menu_typo_spacing":0,"ocean_menu_typo_spacing_tablet":0,"ocean_menu_typo_spacing_mobile":0,"ocean_menu_typo_spacing_unit":"","ocean_menu_link_color":"","ocean_menu_link_color_hover":"","ocean_menu_link_color_active":"","ocean_menu_link_background":"","ocean_menu_link_hover_background":"","ocean_menu_link_active_background":"","ocean_menu_social_links_bg":"","ocean_menu_social_hover_links_bg":"","ocean_menu_social_links_color":"","ocean_menu_social_hover_links_color":"","ocean_disable_title":"default","ocean_disable_heading":"default","ocean_post_title":"","ocean_post_subheading":"","ocean_post_title_style":"","ocean_post_title_background_color":"","ocean_post_title_background":0,"ocean_post_title_bg_image_position":"","ocean_post_title_bg_image_attachment":"","ocean_post_title_bg_image_repeat":"","ocean_post_title_bg_image_size":"","ocean_post_title_height":0,"ocean_post_title_bg_overlay":0.5,"ocean_post_title_bg_overlay_color":"","ocean_disable_breadcrumbs":"default","ocean_breadcrumbs_color":"","ocean_breadcrumbs_separator_color":"","ocean_breadcrumbs_links_color":"","ocean_breadcrumbs_links_hover_color":"","ocean_display_footer_widgets":"default","ocean_display_footer_bottom":"default","ocean_custom_footer_template":"","footnotes":""},"class_list":["post-54","page","type-page","status-publish","hentry","entry"],"yoast_head":"<!-- This site is optimized with the Yoast SEO plugin v27.4 - https:\/\/yoast.com\/product\/yoast-seo-wordpress\/ -->\n<title>\u00c0 propos -<\/title>\n<meta name=\"description\" content=\"Prestations de transcription, r\u00e9daction, correction et r\u00e9\u00e9criture\" \/>\n<meta name=\"robots\" content=\"index, follow, max-snippet:-1, max-image-preview:large, max-video-preview:-1\" \/>\n<link rel=\"canonical\" href=\"https:\/\/scripturallianceconcept.fr\/index.php\/qui-suis-je\/\" \/>\n<meta property=\"og:locale\" content=\"fr_FR\" \/>\n<meta property=\"og:type\" content=\"article\" \/>\n<meta property=\"og:title\" content=\"\u00c0 propos -\" \/>\n<meta property=\"og:description\" content=\"Prestations de transcription, r\u00e9daction, correction et r\u00e9\u00e9criture\" \/>\n<meta property=\"og:url\" content=\"https:\/\/scripturallianceconcept.fr\/index.php\/qui-suis-je\/\" \/>\n<meta property=\"article:modified_time\" content=\"2026-04-14T15:54:16+00:00\" \/>\n<meta property=\"og:image\" content=\"https:\/\/scripturallianceconcept.fr\/wp-content\/uploads\/elementor\/thumbs\/photo_NFilliat-Reseaux-scaled-rjkyvmhvoybt6vwl5etmprsgcle1jip9dnu6blwxpc.jpg\" \/>\n<meta name=\"twitter:card\" content=\"summary_large_image\" \/>\n<meta name=\"twitter:label1\" content=\"Dur\u00e9e de lecture estim\u00e9e\" \/>\n\t<meta name=\"twitter:data1\" content=\"2 minutes\" \/>\n<script type=\"application\/ld+json\" class=\"yoast-schema-graph\">{\"@context\":\"https:\\\/\\\/schema.org\",\"@graph\":[{\"@type\":\"WebPage\",\"@id\":\"https:\\\/\\\/scripturallianceconcept.fr\\\/index.php\\\/qui-suis-je\\\/\",\"url\":\"https:\\\/\\\/scripturallianceconcept.fr\\\/index.php\\\/qui-suis-je\\\/\",\"name\":\"\u00c0 propos -\",\"isPartOf\":{\"@id\":\"https:\\\/\\\/scripturallianceconcept.fr\\\/#website\"},\"primaryImageOfPage\":{\"@id\":\"https:\\\/\\\/scripturallianceconcept.fr\\\/index.php\\\/qui-suis-je\\\/#primaryimage\"},\"image\":{\"@id\":\"https:\\\/\\\/scripturallianceconcept.fr\\\/index.php\\\/qui-suis-je\\\/#primaryimage\"},\"thumbnailUrl\":\"https:\\\/\\\/scripturallianceconcept.fr\\\/wp-content\\\/uploads\\\/elementor\\\/thumbs\\\/photo_NFilliat-Reseaux-scaled-rjkyvmhvoybt6vwl5etmprsgcle1jip9dnu6blwxpc.jpg\",\"datePublished\":\"2023-09-08T14:11:42+00:00\",\"dateModified\":\"2026-04-14T15:54:16+00:00\",\"description\":\"Prestations de transcription, r\u00e9daction, correction et r\u00e9\u00e9criture\",\"breadcrumb\":{\"@id\":\"https:\\\/\\\/scripturallianceconcept.fr\\\/index.php\\\/qui-suis-je\\\/#breadcrumb\"},\"inLanguage\":\"fr-FR\",\"potentialAction\":[{\"@type\":\"ReadAction\",\"target\":[\"https:\\\/\\\/scripturallianceconcept.fr\\\/index.php\\\/qui-suis-je\\\/\"]}]},{\"@type\":\"ImageObject\",\"inLanguage\":\"fr-FR\",\"@id\":\"https:\\\/\\\/scripturallianceconcept.fr\\\/index.php\\\/qui-suis-je\\\/#primaryimage\",\"url\":\"https:\\\/\\\/scripturallianceconcept.fr\\\/wp-content\\\/uploads\\\/elementor\\\/thumbs\\\/photo_NFilliat-Reseaux-scaled-rjkyvmhvoybt6vwl5etmprsgcle1jip9dnu6blwxpc.jpg\",\"contentUrl\":\"https:\\\/\\\/scripturallianceconcept.fr\\\/wp-content\\\/uploads\\\/elementor\\\/thumbs\\\/photo_NFilliat-Reseaux-scaled-rjkyvmhvoybt6vwl5etmprsgcle1jip9dnu6blwxpc.jpg\"},{\"@type\":\"BreadcrumbList\",\"@id\":\"https:\\\/\\\/scripturallianceconcept.fr\\\/index.php\\\/qui-suis-je\\\/#breadcrumb\",\"itemListElement\":[{\"@type\":\"ListItem\",\"position\":1,\"name\":\"Accueil\",\"item\":\"https:\\\/\\\/scripturallianceconcept.fr\\\/\"},{\"@type\":\"ListItem\",\"position\":2,\"name\":\"\u00c0 propos\"}]},{\"@type\":\"WebSite\",\"@id\":\"https:\\\/\\\/scripturallianceconcept.fr\\\/#website\",\"url\":\"https:\\\/\\\/scripturallianceconcept.fr\\\/\",\"name\":\"\",\"description\":\"\",\"potentialAction\":[{\"@type\":\"SearchAction\",\"target\":{\"@type\":\"EntryPoint\",\"urlTemplate\":\"https:\\\/\\\/scripturallianceconcept.fr\\\/?s={search_term_string}\"},\"query-input\":{\"@type\":\"PropertyValueSpecification\",\"valueRequired\":true,\"valueName\":\"search_term_string\"}}],\"inLanguage\":\"fr-FR\"}]}<\/script>\n<!-- \/ Yoast SEO plugin. -->","yoast_head_json":{"title":"\u00c0 propos -","description":"Prestations de transcription, r\u00e9daction, correction et r\u00e9\u00e9criture","robots":{"index":"index","follow":"follow","max-snippet":"max-snippet:-1","max-image-preview":"max-image-preview:large","max-video-preview":"max-video-preview:-1"},"canonical":"https:\/\/scripturallianceconcept.fr\/index.php\/qui-suis-je\/","og_locale":"fr_FR","og_type":"article","og_title":"\u00c0 propos -","og_description":"Prestations de transcription, r\u00e9daction, correction et r\u00e9\u00e9criture","og_url":"https:\/\/scripturallianceconcept.fr\/index.php\/qui-suis-je\/","article_modified_time":"2026-04-14T15:54:16+00:00","og_image":[{"url":"https:\/\/scripturallianceconcept.fr\/wp-content\/uploads\/elementor\/thumbs\/photo_NFilliat-Reseaux-scaled-rjkyvmhvoybt6vwl5etmprsgcle1jip9dnu6blwxpc.jpg","type":"","width":"","height":""}],"twitter_card":"summary_large_image","twitter_misc":{"Dur\u00e9e de lecture estim\u00e9e":"2 minutes"},"schema":{"@context":"https:\/\/schema.org","@graph":[{"@type":"WebPage","@id":"https:\/\/scripturallianceconcept.fr\/index.php\/qui-suis-je\/","url":"https:\/\/scripturallianceconcept.fr\/index.php\/qui-suis-je\/","name":"\u00c0 propos -","isPartOf":{"@id":"https:\/\/scripturallianceconcept.fr\/#website"},"primaryImageOfPage":{"@id":"https:\/\/scripturallianceconcept.fr\/index.php\/qui-suis-je\/#primaryimage"},"image":{"@id":"https:\/\/scripturallianceconcept.fr\/index.php\/qui-suis-je\/#primaryimage"},"thumbnailUrl":"https:\/\/scripturallianceconcept.fr\/wp-content\/uploads\/elementor\/thumbs\/photo_NFilliat-Reseaux-scaled-rjkyvmhvoybt6vwl5etmprsgcle1jip9dnu6blwxpc.jpg","datePublished":"2023-09-08T14:11:42+00:00","dateModified":"2026-04-14T15:54:16+00:00","description":"Prestations de transcription, r\u00e9daction, correction et r\u00e9\u00e9criture","breadcrumb":{"@id":"https:\/\/scripturallianceconcept.fr\/index.php\/qui-suis-je\/#breadcrumb"},"inLanguage":"fr-FR","potentialAction":[{"@type":"ReadAction","target":["https:\/\/scripturallianceconcept.fr\/index.php\/qui-suis-je\/"]}]},{"@type":"ImageObject","inLanguage":"fr-FR","@id":"https:\/\/scripturallianceconcept.fr\/index.php\/qui-suis-je\/#primaryimage","url":"https:\/\/scripturallianceconcept.fr\/wp-content\/uploads\/elementor\/thumbs\/photo_NFilliat-Reseaux-scaled-rjkyvmhvoybt6vwl5etmprsgcle1jip9dnu6blwxpc.jpg","contentUrl":"https:\/\/scripturallianceconcept.fr\/wp-content\/uploads\/elementor\/thumbs\/photo_NFilliat-Reseaux-scaled-rjkyvmhvoybt6vwl5etmprsgcle1jip9dnu6blwxpc.jpg"},{"@type":"BreadcrumbList","@id":"https:\/\/scripturallianceconcept.fr\/index.php\/qui-suis-je\/#breadcrumb","itemListElement":[{"@type":"ListItem","position":1,"name":"Accueil","item":"https:\/\/scripturallianceconcept.fr\/"},{"@type":"ListItem","position":2,"name":"\u00c0 propos"}]},{"@type":"WebSite","@id":"https:\/\/scripturallianceconcept.fr\/#website","url":"https:\/\/scripturallianceconcept.fr\/","name":"","description":"","potentialAction":[{"@type":"SearchAction","target":{"@type":"EntryPoint","urlTemplate":"https:\/\/scripturallianceconcept.fr\/?s={search_term_string}"},"query-input":{"@type":"PropertyValueSpecification","valueRequired":true,"valueName":"search_term_string"}}],"inLanguage":"fr-FR"}]}},"_links":{"self":[{"href":"https:\/\/scripturallianceconcept.fr\/index.php\/wp-json\/wp\/v2\/pages\/54","targetHints":{"allow":["GET"]}}],"collection":[{"href":"https:\/\/scripturallianceconcept.fr\/index.php\/wp-json\/wp\/v2\/pages"}],"about":[{"href":"https:\/\/scripturallianceconcept.fr\/index.php\/wp-json\/wp\/v2\/types\/page"}],"author":[{"embeddable":true,"href":"https:\/\/scripturallianceconcept.fr\/index.php\/wp-json\/wp\/v2\/users\/1"}],"replies":[{"embeddable":true,"href":"https:\/\/scripturallianceconcept.fr\/index.php\/wp-json\/wp\/v2\/comments?post=54"}],"version-history":[{"count":480,"href":"https:\/\/scripturallianceconcept.fr\/index.php\/wp-json\/wp\/v2\/pages\/54\/revisions"}],"predecessor-version":[{"id":2685,"href":"https:\/\/scripturallianceconcept.fr\/index.php\/wp-json\/wp\/v2\/pages\/54\/revisions\/2685"}],"wp:attachment":[{"href":"https:\/\/scripturallianceconcept.fr\/index.php\/wp-json\/wp\/v2\/media?parent=54"}],"curies":[{"name":"wp","href":"https:\/\/api.w.org\/{rel}","templated":true}]}}