{"id":197,"date":"2023-09-13T17:56:04","date_gmt":"2023-09-13T15:56:04","guid":{"rendered":"https:\/\/scripturallianceconcept.fr\/?page_id=197"},"modified":"2026-03-13T18:06:27","modified_gmt":"2026-03-13T17:06:27","slug":"mentions-legales","status":"publish","type":"page","link":"https:\/\/scripturallianceconcept.fr\/index.php\/mentions-legales\/","title":{"rendered":"MENTIONS L\u00c9GALES"},"content":{"rendered":"\t\t<div data-elementor-type=\"wp-page\" data-elementor-id=\"197\" class=\"elementor elementor-197\">\n\t\t\t\t\t\t<section class=\"elementor-section elementor-top-section elementor-element elementor-element-db7750a elementor-section-boxed elementor-section-height-default elementor-section-height-default\" data-id=\"db7750a\" data-element_type=\"section\" data-e-type=\"section\">\n\t\t\t\t\t\t<div class=\"elementor-container elementor-column-gap-default\">\n\t\t\t\t\t<div class=\"elementor-column elementor-col-100 elementor-top-column elementor-element elementor-element-ac0d2f8\" data-id=\"ac0d2f8\" data-element_type=\"column\" data-e-type=\"column\">\n\t\t\t<div class=\"elementor-widget-wrap elementor-element-populated\">\n\t\t\t\t\t\t<div class=\"elementor-element elementor-element-3a7a384 elementor-widget elementor-widget-heading\" data-id=\"3a7a384\" data-element_type=\"widget\" data-e-type=\"widget\" data-widget_type=\"heading.default\">\n\t\t\t\t<div class=\"elementor-widget-container\">\n\t\t\t\t\t<h1 class=\"elementor-heading-title elementor-size-default\">Mentions l\u00e9gales<\/h1>\t\t\t\t<\/div>\n\t\t\t\t<\/div>\n\t\t\t\t\t<\/div>\n\t\t<\/div>\n\t\t\t\t\t<\/div>\n\t\t<\/section>\n\t\t\t\t<section class=\"elementor-section elementor-top-section elementor-element elementor-element-a7acc5c elementor-section-boxed elementor-section-height-default elementor-section-height-default\" data-id=\"a7acc5c\" data-element_type=\"section\" data-e-type=\"section\">\n\t\t\t\t\t\t<div class=\"elementor-container elementor-column-gap-default\">\n\t\t\t\t\t<div class=\"elementor-column elementor-col-100 elementor-top-column elementor-element elementor-element-cb8480a\" data-id=\"cb8480a\" data-element_type=\"column\" data-e-type=\"column\">\n\t\t\t<div class=\"elementor-widget-wrap elementor-element-populated\">\n\t\t\t\t\t\t<div class=\"elementor-element elementor-element-9a922b0 elementor-widget elementor-widget-heading\" data-id=\"9a922b0\" data-element_type=\"widget\" data-e-type=\"widget\" data-widget_type=\"heading.default\">\n\t\t\t\t<div class=\"elementor-widget-container\">\n\t\t\t\t\t<h2 class=\"elementor-heading-title elementor-size-default\">Identit\u00e9 de l'entreprise<\/h2>\t\t\t\t<\/div>\n\t\t\t\t<\/div>\n\t\t\t\t\t<\/div>\n\t\t<\/div>\n\t\t\t\t\t<\/div>\n\t\t<\/section>\n\t\t\t\t<section class=\"elementor-section elementor-top-section elementor-element elementor-element-7a890ca elementor-section-boxed elementor-section-height-default elementor-section-height-default\" data-id=\"7a890ca\" data-element_type=\"section\" data-e-type=\"section\">\n\t\t\t\t\t\t<div class=\"elementor-container elementor-column-gap-default\">\n\t\t\t\t\t<div class=\"elementor-column elementor-col-100 elementor-top-column elementor-element elementor-element-305ca53\" data-id=\"305ca53\" data-element_type=\"column\" data-e-type=\"column\" data-settings=\"{&quot;background_background&quot;:&quot;classic&quot;}\">\n\t\t\t<div class=\"elementor-widget-wrap elementor-element-populated\">\n\t\t\t\t\t\t<div class=\"elementor-element elementor-element-9136924 elementor-widget elementor-widget-text-editor\" data-id=\"9136924\" data-element_type=\"widget\" data-e-type=\"widget\" data-widget_type=\"text-editor.default\">\n\t\t\t\t<div class=\"elementor-widget-container\">\n\t\t\t\t\t\t\t\t\t<p>Entreprise individuelle sous statut de la microentreprise, appartenant \u00e0 Madame Nadine FILLIAT, domicili\u00e9e 7 route de Montalig\u00e8re 63390 Sainte Christine.<\/p><p>Nom commercial : Scripturalliance Concept<\/p><p>Num\u00e9ro de SIRET : 83892958600025<\/p><p>Adresse \u00e9lectronique : contact@scripturallianceconcept.fr<\/p><p>Responsable de publication : Nadine Filliat<\/p>\t\t\t\t\t\t\t\t<\/div>\n\t\t\t\t<\/div>\n\t\t\t\t\t<\/div>\n\t\t<\/div>\n\t\t\t\t\t<\/div>\n\t\t<\/section>\n\t\t\t\t<section class=\"elementor-section elementor-top-section elementor-element elementor-element-c4b1579 elementor-section-boxed elementor-section-height-default elementor-section-height-default\" data-id=\"c4b1579\" data-element_type=\"section\" data-e-type=\"section\">\n\t\t\t\t\t\t<div class=\"elementor-container elementor-column-gap-default\">\n\t\t\t\t\t<div class=\"elementor-column elementor-col-100 elementor-top-column elementor-element elementor-element-36f22b5\" data-id=\"36f22b5\" data-element_type=\"column\" data-e-type=\"column\">\n\t\t\t<div class=\"elementor-widget-wrap elementor-element-populated\">\n\t\t\t\t\t\t<div class=\"elementor-element elementor-element-7e2ba8a elementor-widget elementor-widget-heading\" data-id=\"7e2ba8a\" data-element_type=\"widget\" data-e-type=\"widget\" data-widget_type=\"heading.default\">\n\t\t\t\t<div class=\"elementor-widget-container\">\n\t\t\t\t\t<h2 class=\"elementor-heading-title elementor-size-default\">H\u00e9bergement du site<\/h2>\t\t\t\t<\/div>\n\t\t\t\t<\/div>\n\t\t\t\t\t<\/div>\n\t\t<\/div>\n\t\t\t\t\t<\/div>\n\t\t<\/section>\n\t\t\t\t<section class=\"elementor-section elementor-top-section elementor-element elementor-element-9debb9d elementor-section-boxed elementor-section-height-default elementor-section-height-default\" data-id=\"9debb9d\" data-element_type=\"section\" data-e-type=\"section\">\n\t\t\t\t\t\t<div class=\"elementor-container elementor-column-gap-default\">\n\t\t\t\t\t<div class=\"elementor-column elementor-col-100 elementor-top-column elementor-element elementor-element-18ba88c\" data-id=\"18ba88c\" data-element_type=\"column\" data-e-type=\"column\" data-settings=\"{&quot;background_background&quot;:&quot;classic&quot;}\">\n\t\t\t<div class=\"elementor-widget-wrap elementor-element-populated\">\n\t\t\t\t\t\t<div class=\"elementor-element elementor-element-b65d1b2 elementor-widget elementor-widget-text-editor\" data-id=\"b65d1b2\" data-element_type=\"widget\" data-e-type=\"widget\" data-widget_type=\"text-editor.default\">\n\t\t\t\t<div class=\"elementor-widget-container\">\n\t\t\t\t\t\t\t\t\t<p>Soci\u00e9t\u00e9 OVH<\/p><p>RCS Lille M\u00e9tropole 424 761 419 00045<br \/>Code APE 2620Z<br \/>N\u00b0 TVA : FR 22 424 761 419<br \/>Si\u00e8ge social : 2 rue Kellermann &#8211; 59100 Roubaix &#8211; France<\/p><p>OVH SAS est une filiale de la soci\u00e9t\u00e9 OVH Groupe SA, soci\u00e9t\u00e9 immatricul\u00e9e au RCS de Lille sous le num\u00e9ro 537 407 926 sise 2, rue Kellermann, 59100 Roubaix.<\/p>\t\t\t\t\t\t\t\t<\/div>\n\t\t\t\t<\/div>\n\t\t\t\t<div class=\"elementor-element elementor-element-19a973f elementor-widget elementor-widget-heading\" data-id=\"19a973f\" data-element_type=\"widget\" data-e-type=\"widget\" data-widget_type=\"heading.default\">\n\t\t\t\t<div class=\"elementor-widget-container\">\n\t\t\t\t\t<h2 class=\"elementor-heading-title elementor-size-default\">Limitations de responsabilit\u00e9<\/h2>\t\t\t\t<\/div>\n\t\t\t\t<\/div>\n\t\t\t\t<div class=\"elementor-element elementor-element-e7569cc elementor-widget elementor-widget-text-editor\" data-id=\"e7569cc\" data-element_type=\"widget\" data-e-type=\"widget\" data-widget_type=\"text-editor.default\">\n\t\t\t\t<div class=\"elementor-widget-container\">\n\t\t\t\t\t\t\t\t\t<p>Nadine Filliat ne pourra pas \u00eatre tenue responsable pour les dommages directs ou indirects li\u00e9s \u00e0 la consultation et \u00e0 l&rsquo;utilisation du site internet scripturallianceconcept.fr.<\/p>\t\t\t\t\t\t\t\t<\/div>\n\t\t\t\t<\/div>\n\t\t\t\t<div class=\"elementor-element elementor-element-3a7751a elementor-widget elementor-widget-heading\" data-id=\"3a7751a\" data-element_type=\"widget\" data-e-type=\"widget\" data-widget_type=\"heading.default\">\n\t\t\t\t<div class=\"elementor-widget-container\">\n\t\t\t\t\t<h2 class=\"elementor-heading-title elementor-size-default\">Droits de propri\u00e9t\u00e9 intellectuelle<\/h2>\t\t\t\t<\/div>\n\t\t\t\t<\/div>\n\t\t\t\t<div class=\"elementor-element elementor-element-23fe1a5 elementor-widget elementor-widget-text-editor\" data-id=\"23fe1a5\" data-element_type=\"widget\" data-e-type=\"widget\" data-widget_type=\"text-editor.default\">\n\t\t\t\t<div class=\"elementor-widget-container\">\n\t\t\t\t\t\t\t\t\t<p>Nadine Filliat d\u00e9tient tous les droits de propri\u00e9t\u00e9 intellectuelle li\u00e9s aux textes, images et logo, pr\u00e9sents sur le site internet scripturallianceconcept.fr. Toute reproduction du site ou de l&rsquo;un de ses \u00e9l\u00e9ments est interdite. Toute reproduction des images, du logo, toute utilisation du nom commercial de Scripturalliance Concept sont interdites. Toute exploitation du site scripturallianceconcept.fr ou de l&rsquo;un de ses \u00e9l\u00e9ments entra\u00eenera des poursuites judiciaires conform\u00e9ment aux articles L.335-2 et suivants du Code de la propri\u00e9t\u00e9 intellectuelle.<\/p>\t\t\t\t\t\t\t\t<\/div>\n\t\t\t\t<\/div>\n\t\t\t\t\t<\/div>\n\t\t<\/div>\n\t\t\t\t\t<\/div>\n\t\t<\/section>\n\t\t\t\t<section class=\"elementor-section elementor-top-section elementor-element elementor-element-6cfb328 elementor-section-boxed elementor-section-height-default elementor-section-height-default\" data-id=\"6cfb328\" data-element_type=\"section\" data-e-type=\"section\">\n\t\t\t\t\t\t<div class=\"elementor-container elementor-column-gap-default\">\n\t\t\t\t\t<div class=\"elementor-column elementor-col-100 elementor-top-column elementor-element elementor-element-e3cf803\" data-id=\"e3cf803\" data-element_type=\"column\" data-e-type=\"column\">\n\t\t\t<div class=\"elementor-widget-wrap elementor-element-populated\">\n\t\t\t\t\t\t<div class=\"elementor-element elementor-element-2ff49fc elementor-widget elementor-widget-heading\" data-id=\"2ff49fc\" data-element_type=\"widget\" data-e-type=\"widget\" data-widget_type=\"heading.default\">\n\t\t\t\t<div class=\"elementor-widget-container\">\n\t\t\t\t\t<h2 class=\"elementor-heading-title elementor-size-default\">Gestion des donn\u00e9es personnelles<\/h2>\t\t\t\t<\/div>\n\t\t\t\t<\/div>\n\t\t\t\t<div class=\"elementor-element elementor-element-2cfedc5 elementor-widget elementor-widget-text-editor\" data-id=\"2cfedc5\" data-element_type=\"widget\" data-e-type=\"widget\" data-widget_type=\"text-editor.default\">\n\t\t\t\t<div class=\"elementor-widget-container\">\n\t\t\t\t\t\t\t\t\t<p>Les donn\u00e9es recueillies dans le cadre de l&rsquo;activit\u00e9 professionnelle de Nadine Filliat, ainsi que celles fournies lors de l&rsquo;utilisation du formulaire de contact de son site internet, ne sont ni c\u00e9d\u00e9es ni vendues \u00e0 des tiers. Les donn\u00e9es fournies ne sont utilis\u00e9es que pour l&rsquo;\u00e9tablissement des devis et pour la facturation.<\/p><p>Conform\u00e9ment aux dispositions des articles 38 et suivants de la loi 78-87 du 6 janvier 1978, de la loi n\u00b02004-801 du 6 ao\u00fbt 2004, de l&rsquo;article L.226-13 du Code p\u00e9nal et de la Directive europ\u00e9enne du 24 octobre 1995, tout utilisateur dispose d&rsquo;un droit d&rsquo;acc\u00e8s, de rectification et d&rsquo;opposition aux donn\u00e9es personnelles le concernant. Pour cela, il peut en faire une demande \u00e9crite et sign\u00e9e, accompagn\u00e9e d&rsquo;une copie d&rsquo;un titre d&rsquo;identit\u00e9 valide avec la signature du titulaire de la pi\u00e8ce, en indiquant l&rsquo;adresse \u00e0 laquelle la r\u00e9ponse doit \u00eatre envoy\u00e9e.<\/p><p>Le site n&rsquo;est pas d\u00e9clar\u00e9 \u00e0 la CNIL, puisqu&rsquo;il n&rsquo;exploite pas les donn\u00e9es personnelles de l&rsquo;utilisateur.<\/p>\t\t\t\t\t\t\t\t<\/div>\n\t\t\t\t<\/div>\n\t\t\t\t<div class=\"elementor-element elementor-element-1e2fba6 elementor-widget elementor-widget-heading\" data-id=\"1e2fba6\" data-element_type=\"widget\" data-e-type=\"widget\" data-widget_type=\"heading.default\">\n\t\t\t\t<div class=\"elementor-widget-container\">\n\t\t\t\t\t<h2 class=\"elementor-heading-title elementor-size-default\">Gestion des cookies<\/h2>\t\t\t\t<\/div>\n\t\t\t\t<\/div>\n\t\t\t\t<div class=\"elementor-element elementor-element-6f0c199 elementor-widget elementor-widget-text-editor\" data-id=\"6f0c199\" data-element_type=\"widget\" data-e-type=\"widget\" data-widget_type=\"text-editor.default\">\n\t\t\t\t<div class=\"elementor-widget-container\">\n\t\t\t\t\t\t\t\t\t<p>La navigation sur le site internet peut entra\u00eener l&rsquo;installation de cookies sur l&rsquo;ordinateur de l&rsquo;utilisateur. Cette installation de cookies sert \u00e0 faciliter la navigation ult\u00e9rieure sur le site et permet de mesurer la fr\u00e9quentation du site. L&rsquo;utilisateur peut accepter ou refuser les cookies.<\/p>\t\t\t\t\t\t\t\t<\/div>\n\t\t\t\t<\/div>\n\t\t\t\t\t<\/div>\n\t\t<\/div>\n\t\t\t\t\t<\/div>\n\t\t<\/section>\n\t\t\t\t<\/div>\n\t\t","protected":false},"excerpt":{"rendered":"<p>Mentions l\u00e9gales Identit\u00e9 de l&rsquo;entreprise Entreprise individuelle sous statut de la microentreprise, appartenant \u00e0 Madame Nadine FILLIAT, domicili\u00e9e 7 route de Montalig\u00e8re 63390 Sainte Christine. Nom commercial : Scripturalliance Concept Num\u00e9ro de SIRET : 83892958600025 Adresse \u00e9lectronique : contact@scripturallianceconcept.fr Responsable de publication : Nadine Filliat H\u00e9bergement du site Soci\u00e9t\u00e9 OVH RCS Lille M\u00e9tropole 424 761 [&hellip;]<\/p>\n","protected":false},"author":1,"featured_media":0,"parent":0,"menu_order":0,"comment_status":"closed","ping_status":"closed","template":"","meta":{"ocean_post_layout":"","ocean_both_sidebars_style":"","ocean_both_sidebars_content_width":0,"ocean_both_sidebars_sidebars_width":0,"ocean_sidebar":"","ocean_second_sidebar":"","ocean_disable_margins":"enable","ocean_add_body_class":"","ocean_shortcode_before_top_bar":"","ocean_shortcode_after_top_bar":"","ocean_shortcode_before_header":"","ocean_shortcode_after_header":"","ocean_has_shortcode":"","ocean_shortcode_after_title":"","ocean_shortcode_before_footer_widgets":"","ocean_shortcode_after_footer_widgets":"","ocean_shortcode_before_footer_bottom":"","ocean_shortcode_after_footer_bottom":"","ocean_display_top_bar":"default","ocean_display_header":"default","ocean_header_style":"","ocean_center_header_left_menu":"","ocean_custom_header_template":"","ocean_custom_logo":0,"ocean_custom_retina_logo":0,"ocean_custom_logo_max_width":0,"ocean_custom_logo_tablet_max_width":0,"ocean_custom_logo_mobile_max_width":0,"ocean_custom_logo_max_height":0,"ocean_custom_logo_tablet_max_height":0,"ocean_custom_logo_mobile_max_height":0,"ocean_header_custom_menu":"","ocean_menu_typo_font_family":"","ocean_menu_typo_font_subset":"","ocean_menu_typo_font_size":0,"ocean_menu_typo_font_size_tablet":0,"ocean_menu_typo_font_size_mobile":0,"ocean_menu_typo_font_size_unit":"px","ocean_menu_typo_font_weight":"","ocean_menu_typo_font_weight_tablet":"","ocean_menu_typo_font_weight_mobile":"","ocean_menu_typo_transform":"","ocean_menu_typo_transform_tablet":"","ocean_menu_typo_transform_mobile":"","ocean_menu_typo_line_height":0,"ocean_menu_typo_line_height_tablet":0,"ocean_menu_typo_line_height_mobile":0,"ocean_menu_typo_line_height_unit":"","ocean_menu_typo_spacing":0,"ocean_menu_typo_spacing_tablet":0,"ocean_menu_typo_spacing_mobile":0,"ocean_menu_typo_spacing_unit":"","ocean_menu_link_color":"","ocean_menu_link_color_hover":"","ocean_menu_link_color_active":"","ocean_menu_link_background":"","ocean_menu_link_hover_background":"","ocean_menu_link_active_background":"","ocean_menu_social_links_bg":"","ocean_menu_social_hover_links_bg":"","ocean_menu_social_links_color":"","ocean_menu_social_hover_links_color":"","ocean_disable_title":"default","ocean_disable_heading":"default","ocean_post_title":"","ocean_post_subheading":"","ocean_post_title_style":"","ocean_post_title_background_color":"","ocean_post_title_background":0,"ocean_post_title_bg_image_position":"","ocean_post_title_bg_image_attachment":"","ocean_post_title_bg_image_repeat":"","ocean_post_title_bg_image_size":"","ocean_post_title_height":0,"ocean_post_title_bg_overlay":0.5,"ocean_post_title_bg_overlay_color":"","ocean_disable_breadcrumbs":"default","ocean_breadcrumbs_color":"","ocean_breadcrumbs_separator_color":"","ocean_breadcrumbs_links_color":"","ocean_breadcrumbs_links_hover_color":"","ocean_display_footer_widgets":"default","ocean_display_footer_bottom":"default","ocean_custom_footer_template":"","footnotes":""},"class_list":["post-197","page","type-page","status-publish","hentry","entry"],"yoast_head":"<!-- This site is optimized with the Yoast SEO plugin v27.4 - https:\/\/yoast.com\/product\/yoast-seo-wordpress\/ -->\n<title>MENTIONS L\u00c9GALES -<\/title>\n<meta name=\"robots\" content=\"index, follow, max-snippet:-1, max-image-preview:large, max-video-preview:-1\" \/>\n<link rel=\"canonical\" href=\"https:\/\/scripturallianceconcept.fr\/index.php\/mentions-legales\/\" \/>\n<meta property=\"og:locale\" content=\"fr_FR\" \/>\n<meta property=\"og:type\" content=\"article\" \/>\n<meta property=\"og:title\" content=\"MENTIONS L\u00c9GALES -\" \/>\n<meta property=\"og:description\" content=\"Mentions l\u00e9gales Identit\u00e9 de l&rsquo;entreprise Entreprise individuelle sous statut de la microentreprise, appartenant \u00e0 Madame Nadine FILLIAT, domicili\u00e9e 7 route de Montalig\u00e8re 63390 Sainte Christine. Nom commercial : Scripturalliance Concept Num\u00e9ro de SIRET : 83892958600025 Adresse \u00e9lectronique : contact@scripturallianceconcept.fr Responsable de publication : Nadine Filliat H\u00e9bergement du site Soci\u00e9t\u00e9 OVH RCS Lille M\u00e9tropole 424 761 [&hellip;]\" \/>\n<meta property=\"og:url\" content=\"https:\/\/scripturallianceconcept.fr\/index.php\/mentions-legales\/\" \/>\n<meta property=\"article:modified_time\" content=\"2026-03-13T17:06:27+00:00\" \/>\n<meta name=\"twitter:card\" content=\"summary_large_image\" \/>\n<meta name=\"twitter:label1\" content=\"Dur\u00e9e de lecture estim\u00e9e\" \/>\n\t<meta name=\"twitter:data1\" content=\"3 minutes\" \/>\n<script type=\"application\/ld+json\" class=\"yoast-schema-graph\">{\"@context\":\"https:\\\/\\\/schema.org\",\"@graph\":[{\"@type\":\"WebPage\",\"@id\":\"https:\\\/\\\/scripturallianceconcept.fr\\\/index.php\\\/mentions-legales\\\/\",\"url\":\"https:\\\/\\\/scripturallianceconcept.fr\\\/index.php\\\/mentions-legales\\\/\",\"name\":\"MENTIONS L\u00c9GALES -\",\"isPartOf\":{\"@id\":\"https:\\\/\\\/scripturallianceconcept.fr\\\/#website\"},\"datePublished\":\"2023-09-13T15:56:04+00:00\",\"dateModified\":\"2026-03-13T17:06:27+00:00\",\"breadcrumb\":{\"@id\":\"https:\\\/\\\/scripturallianceconcept.fr\\\/index.php\\\/mentions-legales\\\/#breadcrumb\"},\"inLanguage\":\"fr-FR\",\"potentialAction\":[{\"@type\":\"ReadAction\",\"target\":[\"https:\\\/\\\/scripturallianceconcept.fr\\\/index.php\\\/mentions-legales\\\/\"]}]},{\"@type\":\"BreadcrumbList\",\"@id\":\"https:\\\/\\\/scripturallianceconcept.fr\\\/index.php\\\/mentions-legales\\\/#breadcrumb\",\"itemListElement\":[{\"@type\":\"ListItem\",\"position\":1,\"name\":\"Accueil\",\"item\":\"https:\\\/\\\/scripturallianceconcept.fr\\\/\"},{\"@type\":\"ListItem\",\"position\":2,\"name\":\"MENTIONS L\u00c9GALES\"}]},{\"@type\":\"WebSite\",\"@id\":\"https:\\\/\\\/scripturallianceconcept.fr\\\/#website\",\"url\":\"https:\\\/\\\/scripturallianceconcept.fr\\\/\",\"name\":\"\",\"description\":\"\",\"potentialAction\":[{\"@type\":\"SearchAction\",\"target\":{\"@type\":\"EntryPoint\",\"urlTemplate\":\"https:\\\/\\\/scripturallianceconcept.fr\\\/?s={search_term_string}\"},\"query-input\":{\"@type\":\"PropertyValueSpecification\",\"valueRequired\":true,\"valueName\":\"search_term_string\"}}],\"inLanguage\":\"fr-FR\"}]}<\/script>\n<!-- \/ Yoast SEO plugin. -->","yoast_head_json":{"title":"MENTIONS L\u00c9GALES -","robots":{"index":"index","follow":"follow","max-snippet":"max-snippet:-1","max-image-preview":"max-image-preview:large","max-video-preview":"max-video-preview:-1"},"canonical":"https:\/\/scripturallianceconcept.fr\/index.php\/mentions-legales\/","og_locale":"fr_FR","og_type":"article","og_title":"MENTIONS L\u00c9GALES -","og_description":"Mentions l\u00e9gales Identit\u00e9 de l&rsquo;entreprise Entreprise individuelle sous statut de la microentreprise, appartenant \u00e0 Madame Nadine FILLIAT, domicili\u00e9e 7 route de Montalig\u00e8re 63390 Sainte Christine. Nom commercial : Scripturalliance Concept Num\u00e9ro de SIRET : 83892958600025 Adresse \u00e9lectronique : contact@scripturallianceconcept.fr Responsable de publication : Nadine Filliat H\u00e9bergement du site Soci\u00e9t\u00e9 OVH RCS Lille M\u00e9tropole 424 761 [&hellip;]","og_url":"https:\/\/scripturallianceconcept.fr\/index.php\/mentions-legales\/","article_modified_time":"2026-03-13T17:06:27+00:00","twitter_card":"summary_large_image","twitter_misc":{"Dur\u00e9e de lecture estim\u00e9e":"3 minutes"},"schema":{"@context":"https:\/\/schema.org","@graph":[{"@type":"WebPage","@id":"https:\/\/scripturallianceconcept.fr\/index.php\/mentions-legales\/","url":"https:\/\/scripturallianceconcept.fr\/index.php\/mentions-legales\/","name":"MENTIONS L\u00c9GALES -","isPartOf":{"@id":"https:\/\/scripturallianceconcept.fr\/#website"},"datePublished":"2023-09-13T15:56:04+00:00","dateModified":"2026-03-13T17:06:27+00:00","breadcrumb":{"@id":"https:\/\/scripturallianceconcept.fr\/index.php\/mentions-legales\/#breadcrumb"},"inLanguage":"fr-FR","potentialAction":[{"@type":"ReadAction","target":["https:\/\/scripturallianceconcept.fr\/index.php\/mentions-legales\/"]}]},{"@type":"BreadcrumbList","@id":"https:\/\/scripturallianceconcept.fr\/index.php\/mentions-legales\/#breadcrumb","itemListElement":[{"@type":"ListItem","position":1,"name":"Accueil","item":"https:\/\/scripturallianceconcept.fr\/"},{"@type":"ListItem","position":2,"name":"MENTIONS L\u00c9GALES"}]},{"@type":"WebSite","@id":"https:\/\/scripturallianceconcept.fr\/#website","url":"https:\/\/scripturallianceconcept.fr\/","name":"","description":"","potentialAction":[{"@type":"SearchAction","target":{"@type":"EntryPoint","urlTemplate":"https:\/\/scripturallianceconcept.fr\/?s={search_term_string}"},"query-input":{"@type":"PropertyValueSpecification","valueRequired":true,"valueName":"search_term_string"}}],"inLanguage":"fr-FR"}]}},"_links":{"self":[{"href":"https:\/\/scripturallianceconcept.fr\/index.php\/wp-json\/wp\/v2\/pages\/197","targetHints":{"allow":["GET"]}}],"collection":[{"href":"https:\/\/scripturallianceconcept.fr\/index.php\/wp-json\/wp\/v2\/pages"}],"about":[{"href":"https:\/\/scripturallianceconcept.fr\/index.php\/wp-json\/wp\/v2\/types\/page"}],"author":[{"embeddable":true,"href":"https:\/\/scripturallianceconcept.fr\/index.php\/wp-json\/wp\/v2\/users\/1"}],"replies":[{"embeddable":true,"href":"https:\/\/scripturallianceconcept.fr\/index.php\/wp-json\/wp\/v2\/comments?post=197"}],"version-history":[{"count":122,"href":"https:\/\/scripturallianceconcept.fr\/index.php\/wp-json\/wp\/v2\/pages\/197\/revisions"}],"predecessor-version":[{"id":2642,"href":"https:\/\/scripturallianceconcept.fr\/index.php\/wp-json\/wp\/v2\/pages\/197\/revisions\/2642"}],"wp:attachment":[{"href":"https:\/\/scripturallianceconcept.fr\/index.php\/wp-json\/wp\/v2\/media?parent=197"}],"curies":[{"name":"wp","href":"https:\/\/api.w.org\/{rel}","templated":true}]}}